{"id":10778,"date":"2024-01-12T13:39:08","date_gmt":"2024-01-12T13:39:08","guid":{"rendered":"https:\/\/www.marinecashmere.com\/prodotto\/cardigan-con-cappuccio-in-misto-cashmere\/"},"modified":"2024-01-12T13:39:08","modified_gmt":"2024-01-12T13:39:08","slug":"cardigan-con-cappuccio-in-misto-cashmere","status":"publish","type":"product","link":"https:\/\/www.marinecashmere.com\/it\/prodotto\/cardigan-con-cappuccio-in-misto-cashmere\/","title":{"rendered":"Cardigan con cappuccio in misto cashmere"},"content":{"rendered":"<p>Cardigan con cappuccio in cashmere &#8211; 30% WS &#8211; 70% WO Il cashmere \u00e8 una fibra lussuosa e morbida ricavata dal sottopelo delle capre cashmere. \u00c8 noto per le sue propriet\u00e0 leggere, isolanti e per la sua eccezionale morbidezza. Il cashmere \u00e8 molto apprezzato nell&#8217;industria tessile per la sua qualit\u00e0 ed \u00e8 comunemente utilizzato per realizzare capi di abbigliamento di alta gamma come maglioni, sciarpe e scialli.<\/p>\n","protected":false},"excerpt":{"rendered":"<p><span class=\"HwtZe\" lang=\"en\"><span class=\"jCAhz ChMk0b\"><span class=\"ryNqvb\">Ecco un comodo cardigan con cappuccio realizzato con il miglior cashmere, progettato per avvolgerti nel calore e nel lusso. La chiusura interna con bottoni assicura una vestibilit\u00e0 sicura e aggiunge un tocco di raffinatezza al capo. Per una maggiore funzionalit\u00e0, questo cardigan \u00e8 dotato di tasche, che offrono un comodo posto per tenere le mani al caldo o riporre piccoli oggetti essenziali. Questo cardigan con cappuccio in cashmere \u00e8 una scelta versatile ed elegante per ogni occasione.<br \/>\n<\/span><\/span><\/span><\/p>\n","protected":false},"featured_media":1387,"template":"","meta":{"_joinchat":[]},"product_cat":[86,89],"product_tag":[],"jetpack_sharing_enabled":true,"_links":{"self":[{"href":"https:\/\/www.marinecashmere.com\/it\/wp-json\/wp\/v2\/product\/10778"}],"collection":[{"href":"https:\/\/www.marinecashmere.com\/it\/wp-json\/wp\/v2\/product"}],"about":[{"href":"https:\/\/www.marinecashmere.com\/it\/wp-json\/wp\/v2\/types\/product"}],"wp:featuredmedia":[{"embeddable":true,"href":"https:\/\/www.marinecashmere.com\/it\/wp-json\/wp\/v2\/media\/1387"}],"wp:attachment":[{"href":"https:\/\/www.marinecashmere.com\/it\/wp-json\/wp\/v2\/media?parent=10778"}],"wp:term":[{"taxonomy":"product_cat","embeddable":true,"href":"https:\/\/www.marinecashmere.com\/it\/wp-json\/wp\/v2\/product_cat?post=10778"},{"taxonomy":"product_tag","embeddable":true,"href":"https:\/\/www.marinecashmere.com\/it\/wp-json\/wp\/v2\/product_tag?post=10778"}],"curies":[{"name":"wp","href":"https:\/\/api.w.org\/{rel}","templated":true}]}}