{"id":12045,"date":"2023-12-20T14:51:20","date_gmt":"2023-12-20T14:51:20","guid":{"rendered":"https:\/\/www.marinecashmere.com\/prodotto\/mantella-in-misto-cashmere-con-volpe-reversibile\/"},"modified":"2023-12-20T14:51:20","modified_gmt":"2023-12-20T14:51:20","slug":"mantella-in-misto-cashmere-con-volpe-reversibile","status":"publish","type":"product","link":"https:\/\/www.marinecashmere.com\/it\/prodotto\/mantella-in-misto-cashmere-con-volpe-reversibile\/","title":{"rendered":"Mantella in misto cashmere con volpe &#8211; Reversibile"},"content":{"rendered":"<p>Mantella in Cashmere &#8211; 30% WS &#8211; 70% WO con Volpe<\/p>\n<p>Il cashmere \u00e8 una fibra lussuosa e morbida ottenuta dal sottopelo delle capre cashmere. \u00c8 noto per le sue propriet\u00e0 leggere e isolanti e per la sua eccezionale morbidezza. Il cashmere \u00e8 molto apprezzato nell&#8217;industria tessile per la sua qualit\u00e0 e viene comunemente utilizzato per realizzare capi di abbigliamento di alta gamma come maglioni, sciarpe e scialli.<\/p>\n","protected":false},"excerpt":{"rendered":"<p><span class=\"HwtZe\" lang=\"en\"><span class=\"jCAhz ChMk0b\"><span class=\"ryNqvb\">Il mantello reversibile in cashmere con cappuccio in volpe offre versatilit\u00e0 e stile in un unico capo lussuoso. Il tessuto in cashmere assicura calore e comfort, mentre il design reversibile consente due look distinti in un unico capo. Che tu scelga un colore unito o un motivo su un lato e un colore o un motivo a contrasto sull&#8217;altro, puoi facilmente cambiare il tuo outfit in base al tuo umore o all&#8217;occasione. Il cappuccio in volpe aggiunge un tocco di glamour e raffinatezza, rendendo questo mantello reversibile una scelta chic e pratica per qualsiasi guardaroba.<br \/>\n<\/span><\/span><\/span><\/p>\n","protected":false},"featured_media":3349,"template":"","meta":{"_joinchat":[]},"product_cat":[86,91,93],"product_tag":[],"jetpack_sharing_enabled":true,"_links":{"self":[{"href":"https:\/\/www.marinecashmere.com\/it\/wp-json\/wp\/v2\/product\/12045"}],"collection":[{"href":"https:\/\/www.marinecashmere.com\/it\/wp-json\/wp\/v2\/product"}],"about":[{"href":"https:\/\/www.marinecashmere.com\/it\/wp-json\/wp\/v2\/types\/product"}],"wp:featuredmedia":[{"embeddable":true,"href":"https:\/\/www.marinecashmere.com\/it\/wp-json\/wp\/v2\/media\/3349"}],"wp:attachment":[{"href":"https:\/\/www.marinecashmere.com\/it\/wp-json\/wp\/v2\/media?parent=12045"}],"wp:term":[{"taxonomy":"product_cat","embeddable":true,"href":"https:\/\/www.marinecashmere.com\/it\/wp-json\/wp\/v2\/product_cat?post=12045"},{"taxonomy":"product_tag","embeddable":true,"href":"https:\/\/www.marinecashmere.com\/it\/wp-json\/wp\/v2\/product_tag?post=12045"}],"curies":[{"name":"wp","href":"https:\/\/api.w.org\/{rel}","templated":true}]}}