{"id":12226,"date":"2024-01-10T14:23:42","date_gmt":"2024-01-10T14:23:42","guid":{"rendered":"https:\/\/www.marinecashmere.com\/prodotto\/cardigan-in-misto-cashmere-con-volpe-reversibile\/"},"modified":"2024-01-10T14:23:42","modified_gmt":"2024-01-10T14:23:42","slug":"cardigan-in-misto-cashmere-con-volpe-reversibile","status":"publish","type":"product","link":"https:\/\/www.marinecashmere.com\/it\/prodotto\/cardigan-in-misto-cashmere-con-volpe-reversibile\/","title":{"rendered":"Cardigan in misto cashmere con volpe &#8211; Reversibile"},"content":{"rendered":"<p>Cardigan con Volpe in Cashmere &#8211; 30% WS &#8211; 70\/WO Il cashmere \u00e8 una fibra lussuosa e morbida ricavata dal sottopelo delle capre cashmere. \u00c8 nota per le sue propriet\u00e0 leggere, isolanti e per la sua eccezionale morbidezza. Il cashmere \u00e8 molto apprezzato nell&#8217;industria tessile per la sua qualit\u00e0 ed \u00e8 comunemente utilizzato per realizzare capi di abbigliamento di alta gamma come maglioni, sciarpe e scialli.<\/p>\n","protected":false},"excerpt":{"rendered":"<p><span class=\"HwtZe\" lang=\"en\"><span class=\"jCAhz ChMk0b\"><span class=\"ryNqvb\">Ecco uno splendido cardigan reversibile realizzato in cashmere, pensato per la donna esigente che apprezza versatilit\u00e0 ed eleganza. Questo capo presenta due colori contrastanti, che consentono un facile abbinamento con vari outfit. Il morbido tessuto in cashmere cade con grazia sul corpo, assicurando sia comfort che stile. Aggiungendo un tocco di glamour, il cardigan \u00e8 impreziosito da una rifinitura in pelliccia sontuosa lungo i bordi, che conferisce un accento sontuoso al capo. Che tu scelga di mettere in mostra la ricca tonalit\u00e0 di un lato o di optare per un audace contrasto capovolgendolo sull&#8217;altro, questo cardigan promette di elevare il tuo look con la sua impeccabile fattura e i dettagli sofisticati.    <\/span><\/span><\/span><\/p>\n","protected":false},"featured_media":1753,"template":"","meta":{"_joinchat":[]},"product_cat":[86,93],"product_tag":[],"jetpack_sharing_enabled":true,"_links":{"self":[{"href":"https:\/\/www.marinecashmere.com\/it\/wp-json\/wp\/v2\/product\/12226"}],"collection":[{"href":"https:\/\/www.marinecashmere.com\/it\/wp-json\/wp\/v2\/product"}],"about":[{"href":"https:\/\/www.marinecashmere.com\/it\/wp-json\/wp\/v2\/types\/product"}],"wp:featuredmedia":[{"embeddable":true,"href":"https:\/\/www.marinecashmere.com\/it\/wp-json\/wp\/v2\/media\/1753"}],"wp:attachment":[{"href":"https:\/\/www.marinecashmere.com\/it\/wp-json\/wp\/v2\/media?parent=12226"}],"wp:term":[{"taxonomy":"product_cat","embeddable":true,"href":"https:\/\/www.marinecashmere.com\/it\/wp-json\/wp\/v2\/product_cat?post=12226"},{"taxonomy":"product_tag","embeddable":true,"href":"https:\/\/www.marinecashmere.com\/it\/wp-json\/wp\/v2\/product_tag?post=12226"}],"curies":[{"name":"wp","href":"https:\/\/api.w.org\/{rel}","templated":true}]}}