{"id":13117,"date":"2023-12-19T13:35:04","date_gmt":"2023-12-19T13:35:04","guid":{"rendered":"https:\/\/www.marinecashmere.com\/prodotto\/triangolo-100-cashmere-con-volpe-reversibile\/"},"modified":"2023-12-19T13:35:04","modified_gmt":"2023-12-19T13:35:04","slug":"triangolo-100-cashmere-con-volpe-reversibile","status":"publish","type":"product","link":"https:\/\/www.marinecashmere.com\/it\/prodotto\/triangolo-100-cashmere-con-volpe-reversibile\/","title":{"rendered":"Triangolo 100% Cashmere con Volpe &#8211; Reversibile"},"content":{"rendered":"<p>Triangolo in Puro Cashmere &#8211; 100% WS<\/p>\n<p>Il cashmere \u00e8 una fibra lussuosa e morbida ottenuta dal sottopelo delle capre cashmere. \u00c8 noto per le sue propriet\u00e0 leggere e isolanti e per la sua eccezionale morbidezza. Il cashmere \u00e8 molto apprezzato nell&#8217;industria tessile per la sua qualit\u00e0 e viene comunemente utilizzato per realizzare capi di abbigliamento di alta gamma come maglioni, sciarpe e scialli.<\/p>\n","protected":false},"excerpt":{"rendered":"<p>Uno scialle a forma di triangolo realizzato in puro cashmere di qualit\u00e0 pregiata. Il suo design reversibile ti consente di godere di due look distinti, offrendo versatilit\u00e0 e stile. Lo scialle si drappeggia senza sforzo intorno alle spalle, emanando raffinatezza e comfort allo stesso tempo. Che sia indossato casualmente o per un evento formale, questo squisito accessorio elever\u00e0 sicuramente qualsiasi ensemble con il suo fascino senza tempo.   <\/p>\n","protected":false},"featured_media":2042,"template":"","meta":{"_joinchat":[]},"product_cat":[86,87,93],"product_tag":[],"jetpack_sharing_enabled":true,"_links":{"self":[{"href":"https:\/\/www.marinecashmere.com\/it\/wp-json\/wp\/v2\/product\/13117"}],"collection":[{"href":"https:\/\/www.marinecashmere.com\/it\/wp-json\/wp\/v2\/product"}],"about":[{"href":"https:\/\/www.marinecashmere.com\/it\/wp-json\/wp\/v2\/types\/product"}],"wp:featuredmedia":[{"embeddable":true,"href":"https:\/\/www.marinecashmere.com\/it\/wp-json\/wp\/v2\/media\/2042"}],"wp:attachment":[{"href":"https:\/\/www.marinecashmere.com\/it\/wp-json\/wp\/v2\/media?parent=13117"}],"wp:term":[{"taxonomy":"product_cat","embeddable":true,"href":"https:\/\/www.marinecashmere.com\/it\/wp-json\/wp\/v2\/product_cat?post=13117"},{"taxonomy":"product_tag","embeddable":true,"href":"https:\/\/www.marinecashmere.com\/it\/wp-json\/wp\/v2\/product_tag?post=13117"}],"curies":[{"name":"wp","href":"https:\/\/api.w.org\/{rel}","templated":true}]}}