{"id":13421,"date":"2023-12-19T09:43:54","date_gmt":"2023-12-19T09:43:54","guid":{"rendered":"https:\/\/www.marinecashmere.com\/prodotto\/poncho-quadrato-in-misto-cashmere-con-volpe\/"},"modified":"2023-12-19T09:43:54","modified_gmt":"2023-12-19T09:43:54","slug":"poncho-quadrato-in-misto-cashmere-con-volpe","status":"publish","type":"product","link":"https:\/\/www.marinecashmere.com\/it\/prodotto\/poncho-quadrato-in-misto-cashmere-con-volpe\/","title":{"rendered":"Poncho Quadrato in Misto Cashmere con Volpe"},"content":{"rendered":"<p>Poncho in Cashmere con Volpe \u2013 30% WS \u2013 70% WO Il cashmere \u00e8 una fibra lussuosa e morbida ricavata dal sottopelo delle capre cashmere. \u00c8 nota per le sue propriet\u00e0 leggere, isolanti e per la sua eccezionale morbidezza. Il cashmere \u00e8 molto apprezzato nell&#8217;industria tessile per la sua qualit\u00e0 ed \u00e8 comunemente utilizzato per realizzare capi di abbigliamento di alta gamma come maglioni, sciarpe e scialli.<\/p>\n","protected":false},"excerpt":{"rendered":"<p>Il poncho in cashmere con rifiniture in pelliccia sul collo e lungo il bordo, che si estendono fino alle fessure laterali squadrate, trasuda eleganza e lusso. La combinazione di cashmere e pelliccia offre calore e comfort eccezionali, perfetti per il clima freddo. I dettagli in pelliccia sul collo e sui bordi aggiungono un tocco di raffinatezza e glamour al poncho, rendendolo un capo d&#8217;abbigliamento per qualsiasi outfit. Le fessure laterali squadrate non solo migliorano l&#8217;aspetto visivo, ma assicurano anche facilit\u00e0 di movimento e versatilit\u00e0 nello stile. Nel complesso, \u00e8 un&#8217;aggiunta chic e indulgente a qualsiasi guardaroba.    <\/p>\n","protected":false},"featured_media":850,"template":"","meta":{"_joinchat":[]},"product_cat":[86,90,93],"product_tag":[],"jetpack_sharing_enabled":true,"_links":{"self":[{"href":"https:\/\/www.marinecashmere.com\/it\/wp-json\/wp\/v2\/product\/13421"}],"collection":[{"href":"https:\/\/www.marinecashmere.com\/it\/wp-json\/wp\/v2\/product"}],"about":[{"href":"https:\/\/www.marinecashmere.com\/it\/wp-json\/wp\/v2\/types\/product"}],"wp:featuredmedia":[{"embeddable":true,"href":"https:\/\/www.marinecashmere.com\/it\/wp-json\/wp\/v2\/media\/850"}],"wp:attachment":[{"href":"https:\/\/www.marinecashmere.com\/it\/wp-json\/wp\/v2\/media?parent=13421"}],"wp:term":[{"taxonomy":"product_cat","embeddable":true,"href":"https:\/\/www.marinecashmere.com\/it\/wp-json\/wp\/v2\/product_cat?post=13421"},{"taxonomy":"product_tag","embeddable":true,"href":"https:\/\/www.marinecashmere.com\/it\/wp-json\/wp\/v2\/product_tag?post=13421"}],"curies":[{"name":"wp","href":"https:\/\/api.w.org\/{rel}","templated":true}]}}