{"id":13757,"date":"2023-12-01T13:53:40","date_gmt":"2023-12-01T13:53:40","guid":{"rendered":"https:\/\/www.marinecashmere.com\/prodotto\/poncho-campana-miscela-cashmere\/"},"modified":"2023-12-01T13:53:40","modified_gmt":"2023-12-01T13:53:40","slug":"poncho-campana-miscela-cashmere","status":"publish","type":"product","link":"https:\/\/www.marinecashmere.com\/it\/prodotto\/poncho-campana-miscela-cashmere\/","title":{"rendered":"Poncho Campana Miscela Cashmere"},"content":{"rendered":"<p>Poncho in Cashmere con Volpe &#8211; 30% WS &#8211; 70% WO Il cashmere \u00e8 una fibra lussuosa e morbida ricavata dal sottopelo delle capre cashmere. \u00c8 noto per le sue propriet\u00e0 leggere, isolanti e per la sua eccezionale morbidezza. Il cashmere \u00e8 molto apprezzato nell&#8217;industria tessile per la sua qualit\u00e0 ed \u00e8 comunemente utilizzato per realizzare capi di abbigliamento di alta gamma come maglioni, sciarpe e scialli.<\/p>\n","protected":false},"excerpt":{"rendered":"<p><span class=\"HwtZe\" lang=\"en\"><span class=\"jCAhz ChMk0b\"><span class=\"ryNqvb\">Questo lussuoso poncho in cashmere \u00e8 progettato per avvolgerti in calore ed eleganza. Realizzato in cashmere, vanta una consistenza sontuosamente morbida che cade con grazia sul corpo. Il colletto e i bordi sono ornati da una pelliccia sontuosa, che aggiunge un tocco di opulenza e raffinatezza.<br \/>\n<\/span><\/span><\/span><\/p>\n","protected":false},"featured_media":872,"template":"","meta":{"_joinchat":[]},"product_cat":[86,90,93],"product_tag":[],"jetpack_sharing_enabled":true,"_links":{"self":[{"href":"https:\/\/www.marinecashmere.com\/it\/wp-json\/wp\/v2\/product\/13757"}],"collection":[{"href":"https:\/\/www.marinecashmere.com\/it\/wp-json\/wp\/v2\/product"}],"about":[{"href":"https:\/\/www.marinecashmere.com\/it\/wp-json\/wp\/v2\/types\/product"}],"wp:featuredmedia":[{"embeddable":true,"href":"https:\/\/www.marinecashmere.com\/it\/wp-json\/wp\/v2\/media\/872"}],"wp:attachment":[{"href":"https:\/\/www.marinecashmere.com\/it\/wp-json\/wp\/v2\/media?parent=13757"}],"wp:term":[{"taxonomy":"product_cat","embeddable":true,"href":"https:\/\/www.marinecashmere.com\/it\/wp-json\/wp\/v2\/product_cat?post=13757"},{"taxonomy":"product_tag","embeddable":true,"href":"https:\/\/www.marinecashmere.com\/it\/wp-json\/wp\/v2\/product_tag?post=13757"}],"curies":[{"name":"wp","href":"https:\/\/api.w.org\/{rel}","templated":true}]}}