{"id":13848,"date":"2023-05-18T08:05:13","date_gmt":"2023-05-18T08:05:13","guid":{"rendered":"https:\/\/www.marinecashmere.com\/prodotto\/oneck-con-spacchi-laterali\/"},"modified":"2023-05-18T08:05:13","modified_gmt":"2023-05-18T08:05:13","slug":"oneck-con-spacchi-laterali","status":"publish","type":"product","link":"https:\/\/www.marinecashmere.com\/it\/prodotto\/oneck-con-spacchi-laterali\/","title":{"rendered":"O&#8217;Neck con spacchi laterali"},"content":{"rendered":"<p>Maglione in Puro Cashmere &#8211; 100% Ws Il cashmere \u00e8 una fibra lussuosa e morbida ricavata dal sottopelo delle capre cashmere. \u00c8 noto per le sue propriet\u00e0 leggere, isolanti e per la sua eccezionale morbidezza. Il cashmere \u00e8 molto apprezzato nell&#8217;industria tessile per la sua qualit\u00e0 ed \u00e8 comunemente utilizzato per realizzare capi di abbigliamento di alta gamma come maglioni, sciarpe e scialli.<\/p>\n","protected":false},"excerpt":{"rendered":"<p>Progettato per una morbidezza e un calore senza pari, questo maglione presenta una vestibilit\u00e0 rilassata e un drappeggio delicato che ti avvolge nel comfort. L&#8217;aggiunta di spacchi laterali e sulle maniche ne esalta la versatilit\u00e0 e aggiunge un tocco di stile moderno, consentendo movimenti facili e opzioni di stratificazione alla moda. <\/p>\n","protected":false},"featured_media":1437,"template":"","meta":{"_joinchat":[]},"product_cat":[86,88],"product_tag":[],"jetpack_sharing_enabled":true,"_links":{"self":[{"href":"https:\/\/www.marinecashmere.com\/it\/wp-json\/wp\/v2\/product\/13848"}],"collection":[{"href":"https:\/\/www.marinecashmere.com\/it\/wp-json\/wp\/v2\/product"}],"about":[{"href":"https:\/\/www.marinecashmere.com\/it\/wp-json\/wp\/v2\/types\/product"}],"wp:featuredmedia":[{"embeddable":true,"href":"https:\/\/www.marinecashmere.com\/it\/wp-json\/wp\/v2\/media\/1437"}],"wp:attachment":[{"href":"https:\/\/www.marinecashmere.com\/it\/wp-json\/wp\/v2\/media?parent=13848"}],"wp:term":[{"taxonomy":"product_cat","embeddable":true,"href":"https:\/\/www.marinecashmere.com\/it\/wp-json\/wp\/v2\/product_cat?post=13848"},{"taxonomy":"product_tag","embeddable":true,"href":"https:\/\/www.marinecashmere.com\/it\/wp-json\/wp\/v2\/product_tag?post=13848"}],"curies":[{"name":"wp","href":"https:\/\/api.w.org\/{rel}","templated":true}]}}