{"id":13946,"date":"2023-05-18T09:58:50","date_gmt":"2023-05-18T09:58:50","guid":{"rendered":"https:\/\/www.marinecashmere.com\/prodotto\/maglione-jill\/"},"modified":"2023-05-18T09:58:50","modified_gmt":"2023-05-18T09:58:50","slug":"maglione-jill","status":"publish","type":"product","link":"https:\/\/www.marinecashmere.com\/it\/prodotto\/maglione-jill\/","title":{"rendered":"Maglione Jill"},"content":{"rendered":"<p>Maglione con collo alto in Cashmere &#8211; 30% Ws &#8211; 70% Wo Il cashmere \u00e8 una fibra lussuosa e morbida ricavata dal sottopelo delle capre cashmere. \u00c8 nota per le sue propriet\u00e0 leggere, isolanti e per la sua eccezionale morbidezza. Il cashmere \u00e8 molto apprezzato nell&#8217;industria tessile per la sua qualit\u00e0 ed \u00e8 comunemente utilizzato per realizzare capi di abbigliamento di alta gamma come maglioni, sciarpe e scialli.<\/p>\n","protected":false},"excerpt":{"rendered":"<p>Il maglione da donna fonde perfettamente comfort e stile con il motivo a trecce che aggiunge un tocco di consistenza e raffinatezza al design, mentre il collo alto offre sia calore che un look chic e contemporaneo. Che sia abbinato a jeans per un&#8217;uscita casual o elegante con pantaloni per un&#8217;occasione pi\u00f9 raffinata, questo maglione misto cashmere diventer\u00e0 sicuramente un capo essenziale in qualsiasi guardaroba. <\/p>\n","protected":false},"featured_media":1494,"template":"","meta":{"_joinchat":[]},"product_cat":[86,88],"product_tag":[],"jetpack_sharing_enabled":true,"_links":{"self":[{"href":"https:\/\/www.marinecashmere.com\/it\/wp-json\/wp\/v2\/product\/13946"}],"collection":[{"href":"https:\/\/www.marinecashmere.com\/it\/wp-json\/wp\/v2\/product"}],"about":[{"href":"https:\/\/www.marinecashmere.com\/it\/wp-json\/wp\/v2\/types\/product"}],"wp:featuredmedia":[{"embeddable":true,"href":"https:\/\/www.marinecashmere.com\/it\/wp-json\/wp\/v2\/media\/1494"}],"wp:attachment":[{"href":"https:\/\/www.marinecashmere.com\/it\/wp-json\/wp\/v2\/media?parent=13946"}],"wp:term":[{"taxonomy":"product_cat","embeddable":true,"href":"https:\/\/www.marinecashmere.com\/it\/wp-json\/wp\/v2\/product_cat?post=13946"},{"taxonomy":"product_tag","embeddable":true,"href":"https:\/\/www.marinecashmere.com\/it\/wp-json\/wp\/v2\/product_tag?post=13946"}],"curies":[{"name":"wp","href":"https:\/\/api.w.org\/{rel}","templated":true}]}}