{"id":17234,"date":"2025-08-20T14:57:35","date_gmt":"2025-08-20T14:57:35","guid":{"rendered":"https:\/\/www.marinecashmere.com\/?post_type=product&#038;p=17234"},"modified":"2025-08-20T15:01:08","modified_gmt":"2025-08-20T15:01:08","slug":"felpa-con-cappuccio-e-pantaloni-copy","status":"publish","type":"product","link":"https:\/\/www.marinecashmere.com\/it\/prodotto\/felpa-con-cappuccio-e-pantaloni-copy\/","title":{"rendered":"Felpa con cappuccio e pantaloni (Copy)"},"content":{"rendered":"<p>Felpa con cappuccio e pantaloni in cashmere &#8211; 30% WS &#8211; 70% WO<\/p>\n<p>Il cashmere \u00e8 una fibra lussuosa e morbida ottenuta dal sottopelo delle capre cashmere. \u00c8 noto per le sue propriet\u00e0 leggere e isolanti e per la sua eccezionale morbidezza. Il cashmere \u00e8 molto apprezzato nell&#8217;industria tessile per la sua qualit\u00e0 e viene comunemente utilizzato per realizzare capi di abbigliamento di alta gamma come maglioni, sciarpe e scialli.<\/p>\n","protected":false},"excerpt":{"rendered":"<p>Il set felpa con cappuccio e pantaloni simboleggia il desiderio di comfort della donna moderna senza sacrificare l&#8217;eleganza, rendendolo un punto fermo per chiunque voglia arricchire il proprio guardaroba con capi versatili e sofisticati. Questo completo pu\u00f2 passare facilmente da casa alle uscite casual. Abbinandolo a scarpe da ginnastica o a stivaletti si pu\u00f2 creare un look rilassato, mentre abbinandolo a gioielli e stivali con tacco si pu\u00f2 aggiungere un tocco di classe per una serata fuori.  <\/p>\n","protected":false},"featured_media":16428,"template":"","meta":{"_joinchat":[]},"product_cat":[86,88],"product_tag":[],"jetpack_sharing_enabled":true,"_links":{"self":[{"href":"https:\/\/www.marinecashmere.com\/it\/wp-json\/wp\/v2\/product\/17234"}],"collection":[{"href":"https:\/\/www.marinecashmere.com\/it\/wp-json\/wp\/v2\/product"}],"about":[{"href":"https:\/\/www.marinecashmere.com\/it\/wp-json\/wp\/v2\/types\/product"}],"wp:featuredmedia":[{"embeddable":true,"href":"https:\/\/www.marinecashmere.com\/it\/wp-json\/wp\/v2\/media\/16428"}],"wp:attachment":[{"href":"https:\/\/www.marinecashmere.com\/it\/wp-json\/wp\/v2\/media?parent=17234"}],"wp:term":[{"taxonomy":"product_cat","embeddable":true,"href":"https:\/\/www.marinecashmere.com\/it\/wp-json\/wp\/v2\/product_cat?post=17234"},{"taxonomy":"product_tag","embeddable":true,"href":"https:\/\/www.marinecashmere.com\/it\/wp-json\/wp\/v2\/product_tag?post=17234"}],"curies":[{"name":"wp","href":"https:\/\/api.w.org\/{rel}","templated":true}]}}