{"id":17694,"date":"2025-11-12T11:35:17","date_gmt":"2025-11-12T11:35:17","guid":{"rendered":"https:\/\/www.marinecashmere.com\/?post_type=product&#038;p=17694"},"modified":"2025-11-12T13:15:22","modified_gmt":"2025-11-12T13:15:22","slug":"cardigan-in-misto-cashmere-con-cerniera-copy","status":"publish","type":"product","link":"https:\/\/www.marinecashmere.com\/it\/prodotto\/cardigan-in-misto-cashmere-con-cerniera-copy\/","title":{"rendered":"Cardigan in misto cashmere con cerniera (Copy)"},"content":{"rendered":"<p>Cardigan con zip in Cashmere &#8211; 30% WS &#8211; 70% WO Il cashmere \u00e8 una fibra lussuosa e morbida ricavata dal sottopelo delle capre cashmere. \u00c8 nota per le sue propriet\u00e0 leggere, isolanti e per la sua eccezionale morbidezza. Il cashmere \u00e8 molto apprezzato nell&#8217;industria tessile per la sua qualit\u00e0 ed \u00e8 comunemente utilizzato per realizzare capi di abbigliamento di alta gamma come maglioni, sciarpe e scialli.<\/p>\n","protected":false},"excerpt":{"rendered":"<p><span class=\"HwtZe\" lang=\"en\"><span class=\"jCAhz ChMk0b\"><span class=\"ryNqvb\">Questo cardigan presenta una texture liscia e a coste che aggiunge un tocco moderno alla sua silhouette classica. Con una lunga cerniera che corre lungo la parte anteriore, offre versatilit\u00e0 nello stile e facilit\u00e0 di indossamento. Aggiungendo un tocco di brillantezza e glamour, il cardigan \u00e8 decorato con finiture in lurex, catturando la luce e attirando l&#8217;attenzione sui suoi dettagli. Grandi spacchi laterali accentuano il flusso del tessuto, consentendo facilit\u00e0 di movimento e aggiungendo un tocco contemporaneo al design.<br \/>\n<\/span><\/span><\/span><\/p>\n","protected":false},"featured_media":17788,"template":"","meta":{"_joinchat":[]},"product_cat":[86,89],"product_tag":[],"jetpack_sharing_enabled":true,"_links":{"self":[{"href":"https:\/\/www.marinecashmere.com\/it\/wp-json\/wp\/v2\/product\/17694"}],"collection":[{"href":"https:\/\/www.marinecashmere.com\/it\/wp-json\/wp\/v2\/product"}],"about":[{"href":"https:\/\/www.marinecashmere.com\/it\/wp-json\/wp\/v2\/types\/product"}],"wp:featuredmedia":[{"embeddable":true,"href":"https:\/\/www.marinecashmere.com\/it\/wp-json\/wp\/v2\/media\/17788"}],"wp:attachment":[{"href":"https:\/\/www.marinecashmere.com\/it\/wp-json\/wp\/v2\/media?parent=17694"}],"wp:term":[{"taxonomy":"product_cat","embeddable":true,"href":"https:\/\/www.marinecashmere.com\/it\/wp-json\/wp\/v2\/product_cat?post=17694"},{"taxonomy":"product_tag","embeddable":true,"href":"https:\/\/www.marinecashmere.com\/it\/wp-json\/wp\/v2\/product_tag?post=17694"}],"curies":[{"name":"wp","href":"https:\/\/api.w.org\/{rel}","templated":true}]}}