{"id":18034,"date":"2025-11-13T11:03:55","date_gmt":"2025-11-13T11:03:55","guid":{"rendered":"https:\/\/www.marinecashmere.com\/?post_type=product&#038;p=18034"},"modified":"2025-11-13T11:41:22","modified_gmt":"2025-11-13T11:41:22","slug":"maglione-con-scollo-a-v-100-cashmere-maniche-a-3-4-copy","status":"publish","type":"product","link":"https:\/\/www.marinecashmere.com\/it\/prodotto\/maglione-con-scollo-a-v-100-cashmere-maniche-a-3-4-copy\/","title":{"rendered":"Maglione con scollo a V 100% Cashmere &#8211; Maniche a 3\/4 (Copy)"},"content":{"rendered":"<p>Maglione con maniche a 3\/4 in puro Cashmere &#8211; 100% Ws<\/p>\n<p><span class=\"HwtZe\" lang=\"en\"><span class=\"jCAhz ChMk0b\"><span class=\"ryNqvb\">Il cashmere \u00e8 una fibra lussuosa e morbida ottenuta dal sottopelo delle capre cashmere. \u00c8 noto per le sue propriet\u00e0 leggere e isolanti e per la sua eccezionale morbidezza. Il cashmere \u00e8 molto apprezzato nell&#8217;industria tessile per la sua qualit\u00e0 e viene comunemente utilizzato per realizzare capi di abbigliamento di alta gamma come maglioni, sciarpe e scialli.<\/span><\/span><\/span><\/p>\n","protected":false},"excerpt":{"rendered":"<div class=\"chat__message__text\">\n<p>Il maglione \u00e8 realizzato al 100% in puro cashmere e presenta eleganti maniche a 3\/4 che assicurano una vestibilit\u00e0 comoda e rilassata, consentendo una facile vestibilit\u00e0 a strati. Lo scollo a V aggiunge un tocco di raffinatezza e pu\u00f2 incorniciare splendidamente la clavicola, rendendolo un capo versatile adatto sia alle occasioni casual che a quelle pi\u00f9 eleganti. Il maglione si drappeggia con grazia sul corpo, accentuando la silhouette femminile con un taglio sartoriale che non \u00e8 n\u00e9 troppo stretto n\u00e9 troppo largo.  <\/p>\n<\/div>\n","protected":false},"featured_media":18054,"template":"","meta":{"_joinchat":[]},"product_cat":[86,88],"product_tag":[],"jetpack_sharing_enabled":true,"_links":{"self":[{"href":"https:\/\/www.marinecashmere.com\/it\/wp-json\/wp\/v2\/product\/18034"}],"collection":[{"href":"https:\/\/www.marinecashmere.com\/it\/wp-json\/wp\/v2\/product"}],"about":[{"href":"https:\/\/www.marinecashmere.com\/it\/wp-json\/wp\/v2\/types\/product"}],"wp:featuredmedia":[{"embeddable":true,"href":"https:\/\/www.marinecashmere.com\/it\/wp-json\/wp\/v2\/media\/18054"}],"wp:attachment":[{"href":"https:\/\/www.marinecashmere.com\/it\/wp-json\/wp\/v2\/media?parent=18034"}],"wp:term":[{"taxonomy":"product_cat","embeddable":true,"href":"https:\/\/www.marinecashmere.com\/it\/wp-json\/wp\/v2\/product_cat?post=18034"},{"taxonomy":"product_tag","embeddable":true,"href":"https:\/\/www.marinecashmere.com\/it\/wp-json\/wp\/v2\/product_tag?post=18034"}],"curies":[{"name":"wp","href":"https:\/\/api.w.org\/{rel}","templated":true}]}}