{"id":3567,"date":"2024-02-21T11:49:22","date_gmt":"2024-02-21T11:49:22","guid":{"rendered":"https:\/\/www.marinecashmere.com\/prodotto\/cardigan-in-blend-cashmere\/"},"modified":"2024-04-23T12:14:55","modified_gmt":"2024-04-23T12:14:55","slug":"cardigan-in-blend-cashmere","status":"publish","type":"product","link":"https:\/\/www.marinecashmere.com\/it\/prodotto\/cardigan-in-blend-cashmere\/","title":{"rendered":"Cardigan in misto cashmere"},"content":{"rendered":"<p>Cardigan in cashmere con tasche &#8211; 30% WS &#8211; 70% WO<\/p>\n<p>Il cashmere \u00e8 una fibra lussuosa e morbida ottenuta dal sottopelo delle capre cashmere. \u00c8 noto per le sue propriet\u00e0 leggere e isolanti e per la sua eccezionale morbidezza. Il cashmere \u00e8 molto apprezzato nell&#8217;industria tessile per la sua qualit\u00e0 e viene comunemente utilizzato per realizzare capi di abbigliamento di alta gamma come maglioni, sciarpe e scialli.<\/p>\n","protected":false},"excerpt":{"rendered":"<p><span class=\"HwtZe\" lang=\"en\"><span class=\"jCAhz ChMk0b\"><span class=\"ryNqvb\">Questo cardigan vanta una struttura senza cuciture, che assicura una silhouette liscia ed elegante, che si drappeggia senza sforzo sul corpo. Caratterizzato da una chiusura interna con bottoni, questo cardigan offre un look elegante e minimalista e una vestibilit\u00e0 sicura. Questa chiusura discreta mantiene le linee pulite dell&#8217;indumento, permettendo al lussuoso tessuto in cashmere di essere al centro della scena.<\/span><\/span><\/span><\/p>\n","protected":false},"featured_media":3379,"template":"","meta":{"_joinchat":[]},"product_cat":[86,89],"product_tag":[],"jetpack_sharing_enabled":true,"_links":{"self":[{"href":"https:\/\/www.marinecashmere.com\/it\/wp-json\/wp\/v2\/product\/3567"}],"collection":[{"href":"https:\/\/www.marinecashmere.com\/it\/wp-json\/wp\/v2\/product"}],"about":[{"href":"https:\/\/www.marinecashmere.com\/it\/wp-json\/wp\/v2\/types\/product"}],"wp:featuredmedia":[{"embeddable":true,"href":"https:\/\/www.marinecashmere.com\/it\/wp-json\/wp\/v2\/media\/3379"}],"wp:attachment":[{"href":"https:\/\/www.marinecashmere.com\/it\/wp-json\/wp\/v2\/media?parent=3567"}],"wp:term":[{"taxonomy":"product_cat","embeddable":true,"href":"https:\/\/www.marinecashmere.com\/it\/wp-json\/wp\/v2\/product_cat?post=3567"},{"taxonomy":"product_tag","embeddable":true,"href":"https:\/\/www.marinecashmere.com\/it\/wp-json\/wp\/v2\/product_tag?post=3567"}],"curies":[{"name":"wp","href":"https:\/\/api.w.org\/{rel}","templated":true}]}}