{"id":3586,"date":"2024-04-23T12:47:05","date_gmt":"2024-04-23T12:47:05","guid":{"rendered":"https:\/\/www.marinecashmere.com\/?post_type=product&#038;p=3586"},"modified":"2024-04-23T13:29:58","modified_gmt":"2024-04-23T13:29:58","slug":"gilet-di-visone","status":"publish","type":"product","link":"https:\/\/www.marinecashmere.com\/it\/prodotto\/gilet-di-visone\/","title":{"rendered":"Gilet di Visone"},"content":{"rendered":"<p><span class=\"HwtZe\" lang=\"it\"><span class=\"jCAhz JxVs2d ChMk0b\"><span class=\"ryNqvb\">Gilet in pelliccia di visone 100% con cappuccio\u00a0 <\/span><\/span><\/span><\/p>\n<p><span class=\"HwtZe\" lang=\"it\"><span class=\"jCAhz JxVs2d ChMk0b\"><span class=\"ryNqvb\">Il cashmere \u00e8 una fibra lussuosa e morbida ottenuta dal sottopelo delle capre cashmere.<\/span><\/span> <span class=\"jCAhz JxVs2d ChMk0b\"><span class=\"ryNqvb\">\u00c8 noto per la sua leggerezza, propriet\u00e0 isolanti e morbidezza eccezionale.<\/span><\/span> <span class=\"jCAhz JxVs2d ChMk0b\"><span class=\"ryNqvb\">Il cashmere \u00e8 molto apprezzato nell&#8217;industria tessile per la sua qualit\u00e0 ed \u00e8 comunemente utilizzato per realizzare capi di abbigliamento di fascia alta come maglioni, sciarpe e scialli.<\/span><\/span><\/span><\/p>\n","protected":false},"excerpt":{"rendered":"<p><span class=\"HwtZe\" lang=\"it\"><span class=\"jCAhz JxVs2d ChMk0b\"><span class=\"ryNqvb\">Questo elegante gilet presenta sontuosi dettagli in pelliccia di visone con cappuccio per maggiore stile e calore.<\/span><\/span> <span class=\"jCAhz JxVs2d ChMk0b\"><span class=\"ryNqvb\">I dettagli in pelliccia di visone ed il cappuccio ne elevano l&#8217;eleganza, creando un sorprendente contrasto e aggiungendo un tocco di raffinatezza a qualsiasi outfit.<\/span><\/span> <span class=\"jCAhz JxVs2d ChMk0b\"><span class=\"ryNqvb\">Indossato casual o per un&#8217;occasione speciale, questo gilet incarna il lusso raffinato e la bellezza senza tempo.<\/span><\/span><\/span><\/p>\n","protected":false},"featured_media":1832,"template":"","meta":{"_joinchat":[]},"product_cat":[86,92],"product_tag":[],"jetpack_sharing_enabled":true,"_links":{"self":[{"href":"https:\/\/www.marinecashmere.com\/it\/wp-json\/wp\/v2\/product\/3586"}],"collection":[{"href":"https:\/\/www.marinecashmere.com\/it\/wp-json\/wp\/v2\/product"}],"about":[{"href":"https:\/\/www.marinecashmere.com\/it\/wp-json\/wp\/v2\/types\/product"}],"wp:featuredmedia":[{"embeddable":true,"href":"https:\/\/www.marinecashmere.com\/it\/wp-json\/wp\/v2\/media\/1832"}],"wp:attachment":[{"href":"https:\/\/www.marinecashmere.com\/it\/wp-json\/wp\/v2\/media?parent=3586"}],"wp:term":[{"taxonomy":"product_cat","embeddable":true,"href":"https:\/\/www.marinecashmere.com\/it\/wp-json\/wp\/v2\/product_cat?post=3586"},{"taxonomy":"product_tag","embeddable":true,"href":"https:\/\/www.marinecashmere.com\/it\/wp-json\/wp\/v2\/product_tag?post=3586"}],"curies":[{"name":"wp","href":"https:\/\/api.w.org\/{rel}","templated":true}]}}