{"id":5292,"date":"2024-09-12T13:17:04","date_gmt":"2024-09-12T13:17:04","guid":{"rendered":"https:\/\/www.marinecashmere.com\/prodotto\/stola-con-bordo-100-cashmere\/"},"modified":"2024-09-12T13:17:04","modified_gmt":"2024-09-12T13:17:04","slug":"stola-con-bordo-100-cashmere","status":"publish","type":"product","link":"https:\/\/www.marinecashmere.com\/it\/prodotto\/stola-con-bordo-100-cashmere\/","title":{"rendered":"Stola con bordo 100% cashmere"},"content":{"rendered":"<p>Stola in cashmere &#8211; 100% WS<\/p>\n<p>Il cashmere \u00e8 una fibra lussuosa e morbida ottenuta dal sottopelo delle capre cashmere. \u00c8 noto per le sue propriet\u00e0 leggere e isolanti e per la sua eccezionale morbidezza. Il cashmere \u00e8 molto apprezzato nell&#8217;industria tessile per la sua qualit\u00e0 e viene comunemente utilizzato per realizzare capi di abbigliamento di alta gamma come maglioni, sciarpe e scialli.<\/p>\n","protected":false},"excerpt":{"rendered":"<p><span class=\"HwtZe\" lang=\"en\"><span class=\"jCAhz ChMk0b\"><span class=\"ryNqvb\">La stola in cashmere \u00e8 un accessorio lussuoso e versatile, noto per la sua morbidezza e il suo calore. Se disegnata con un bordo colorato a contrasto, aggiunge un tocco di stile alla silhouette classica. <\/span><\/span><\/span><\/p>\n","protected":false},"featured_media":4719,"template":"","meta":{"_joinchat":[]},"product_cat":[86,87],"product_tag":[],"jetpack_sharing_enabled":true,"_links":{"self":[{"href":"https:\/\/www.marinecashmere.com\/it\/wp-json\/wp\/v2\/product\/5292"}],"collection":[{"href":"https:\/\/www.marinecashmere.com\/it\/wp-json\/wp\/v2\/product"}],"about":[{"href":"https:\/\/www.marinecashmere.com\/it\/wp-json\/wp\/v2\/types\/product"}],"wp:featuredmedia":[{"embeddable":true,"href":"https:\/\/www.marinecashmere.com\/it\/wp-json\/wp\/v2\/media\/4719"}],"wp:attachment":[{"href":"https:\/\/www.marinecashmere.com\/it\/wp-json\/wp\/v2\/media?parent=5292"}],"wp:term":[{"taxonomy":"product_cat","embeddable":true,"href":"https:\/\/www.marinecashmere.com\/it\/wp-json\/wp\/v2\/product_cat?post=5292"},{"taxonomy":"product_tag","embeddable":true,"href":"https:\/\/www.marinecashmere.com\/it\/wp-json\/wp\/v2\/product_tag?post=5292"}],"curies":[{"name":"wp","href":"https:\/\/api.w.org\/{rel}","templated":true}]}}