{"id":5299,"date":"2024-08-07T14:33:28","date_gmt":"2024-08-07T14:33:28","guid":{"rendered":"https:\/\/www.marinecashmere.com\/prodotto\/felpa-con-cappuccio-pesante\/"},"modified":"2024-08-07T14:33:28","modified_gmt":"2024-08-07T14:33:28","slug":"felpa-con-cappuccio-pesante","status":"publish","type":"product","link":"https:\/\/www.marinecashmere.com\/it\/prodotto\/felpa-con-cappuccio-pesante\/","title":{"rendered":"Felpa con cappuccio pesante"},"content":{"rendered":"<p>Felpa con cappuccio in misto cashmere &#8211; 30% WS &#8211; 70% WO<\/p>\n<p>Il cashmere \u00e8 una fibra lussuosa e morbida ottenuta dal sottopelo delle capre cashmere. \u00c8 noto per le sue propriet\u00e0 leggere e isolanti e per la sua eccezionale morbidezza. Il cashmere \u00e8 molto apprezzato nell&#8217;industria tessile per la sua qualit\u00e0 e viene comunemente utilizzato per realizzare capi di abbigliamento di alta gamma come maglioni, sciarpe e scialli.<\/p>\n","protected":false},"excerpt":{"rendered":"<p>La felpa con cappuccio simboleggia il desiderio di comfort della donna moderna senza sacrificare l&#8217;eleganza, rendendola un punto fermo per chiunque voglia arricchire il proprio guardaroba con capi versatili e sofisticati. Questa felpa con cappuccio pu\u00f2 passare facilmente da casa alle uscite casual. Abbinandola a scarpe da ginnastica o a stivaletti si pu\u00f2 creare un look rilassato, mentre abbinandola a gioielli e stivali con tacco si pu\u00f2 aggiungere un tocco di classe per una serata fuori.  <\/p>\n","protected":false},"featured_media":4663,"template":"","meta":{"_joinchat":[]},"product_cat":[222,86,88],"product_tag":[],"jetpack_sharing_enabled":true,"_links":{"self":[{"href":"https:\/\/www.marinecashmere.com\/it\/wp-json\/wp\/v2\/product\/5299"}],"collection":[{"href":"https:\/\/www.marinecashmere.com\/it\/wp-json\/wp\/v2\/product"}],"about":[{"href":"https:\/\/www.marinecashmere.com\/it\/wp-json\/wp\/v2\/types\/product"}],"wp:featuredmedia":[{"embeddable":true,"href":"https:\/\/www.marinecashmere.com\/it\/wp-json\/wp\/v2\/media\/4663"}],"wp:attachment":[{"href":"https:\/\/www.marinecashmere.com\/it\/wp-json\/wp\/v2\/media?parent=5299"}],"wp:term":[{"taxonomy":"product_cat","embeddable":true,"href":"https:\/\/www.marinecashmere.com\/it\/wp-json\/wp\/v2\/product_cat?post=5299"},{"taxonomy":"product_tag","embeddable":true,"href":"https:\/\/www.marinecashmere.com\/it\/wp-json\/wp\/v2\/product_tag?post=5299"}],"curies":[{"name":"wp","href":"https:\/\/api.w.org\/{rel}","templated":true}]}}