{"id":5522,"date":"2024-08-07T14:37:16","date_gmt":"2024-08-07T14:37:16","guid":{"rendered":"https:\/\/www.marinecashmere.com\/prodotto\/capo-in-pannocchia-con-zip\/"},"modified":"2024-08-07T14:37:16","modified_gmt":"2024-08-07T14:37:16","slug":"capo-in-pannocchia-con-zip","status":"publish","type":"product","link":"https:\/\/www.marinecashmere.com\/it\/prodotto\/capo-in-pannocchia-con-zip\/","title":{"rendered":"Capo in pannocchia con zip"},"content":{"rendered":"<p>Capo in cashmere &#8211; 30% WS &#8211; 70% WO<\/p>\n<p>Il cashmere \u00e8 una fibra lussuosa e morbida ottenuta dal sottopelo delle capre cashmere. \u00c8 noto per le sue propriet\u00e0 leggere e isolanti e per la sua eccezionale morbidezza. Il cashmere \u00e8 molto apprezzato nell&#8217;industria tessile per la sua qualit\u00e0 e viene comunemente utilizzato per realizzare capi di abbigliamento di alta gamma come maglioni, sciarpe e scialli.<\/p>\n","protected":false},"excerpt":{"rendered":"<p>Questa mantella \u00e8 realizzata in morbido cashmere e presenta un esclusivo motivo a punto pannocchia che aggiunge consistenza e interesse visivo. L&#8217;intricata cucitura crea un bellissimo effetto dimensionale che fa risaltare questo capo in ogni guardaroba. La mantella \u00e8 dotata di una comoda chiusura a zip che ne facilita l&#8217;uso e la versatilit\u00e0.  <\/p>\n<p><span class=\"HwtZe\" lang=\"en\"><span class=\"jCAhz ChMk0b\"><span class=\"ryNqvb\"> <\/span><\/span><\/span><\/p>\n","protected":false},"featured_media":4698,"template":"","meta":{"_joinchat":[]},"product_cat":[86,91],"product_tag":[],"jetpack_sharing_enabled":true,"_links":{"self":[{"href":"https:\/\/www.marinecashmere.com\/it\/wp-json\/wp\/v2\/product\/5522"}],"collection":[{"href":"https:\/\/www.marinecashmere.com\/it\/wp-json\/wp\/v2\/product"}],"about":[{"href":"https:\/\/www.marinecashmere.com\/it\/wp-json\/wp\/v2\/types\/product"}],"wp:featuredmedia":[{"embeddable":true,"href":"https:\/\/www.marinecashmere.com\/it\/wp-json\/wp\/v2\/media\/4698"}],"wp:attachment":[{"href":"https:\/\/www.marinecashmere.com\/it\/wp-json\/wp\/v2\/media?parent=5522"}],"wp:term":[{"taxonomy":"product_cat","embeddable":true,"href":"https:\/\/www.marinecashmere.com\/it\/wp-json\/wp\/v2\/product_cat?post=5522"},{"taxonomy":"product_tag","embeddable":true,"href":"https:\/\/www.marinecashmere.com\/it\/wp-json\/wp\/v2\/product_tag?post=5522"}],"curies":[{"name":"wp","href":"https:\/\/api.w.org\/{rel}","templated":true}]}}