{"id":5694,"date":"2024-08-07T14:06:59","date_gmt":"2024-08-07T14:06:59","guid":{"rendered":"https:\/\/www.marinecashmere.com\/prodotto\/stola-sfumata-in-misto-cashmere-con-frange-reversibile\/"},"modified":"2024-08-07T14:06:59","modified_gmt":"2024-08-07T14:06:59","slug":"stola-sfumata-in-misto-cashmere-con-frange-reversibile","status":"publish","type":"product","link":"https:\/\/www.marinecashmere.com\/it\/prodotto\/stola-sfumata-in-misto-cashmere-con-frange-reversibile\/","title":{"rendered":"Stola sfumata in misto cashmere con frange &#8211; reversibile"},"content":{"rendered":"<p>Stola sfumata con frange in Cashmere &#8211; 30% WS &#8211; 70% WO Il cashmere \u00e8 una fibra lussuosa e morbida ottenuta dal sottopelo delle capre cashmere. \u00c8 noto per le sue propriet\u00e0 leggere e isolanti e per la sua eccezionale morbidezza. Il cashmere \u00e8 molto apprezzato nell&#8217;industria tessile per la sua qualit\u00e0 e viene comunemente utilizzato per realizzare capi di abbigliamento di alta gamma come maglioni, sciarpe e scialli.<\/p>\n","protected":false},"excerpt":{"rendered":"<p>La stola sfumata \u00e8 un accessorio lussuoso e versatile che pu\u00f2 elevare qualsiasi outfit. Questa stola in particolare \u00e8 caratterizzata da una combinazione di colori sfumati che passano dolcemente da una tonalit\u00e0 all&#8217;altra, creando un effetto visivo morbido ed elegante. Il gioco di colori aggiunge profondit\u00e0 e dimensione, rendendola adatta sia alle occasioni casual che a quelle formali. Le frange ornano i bordi della stola, aggiungendo un tocco giocoso e di tendenza. Le frange possono variare di lunghezza e contribuiscono a creare un&#8217;atmosfera elegante e boh\u00e9mien.    <\/p>\n","protected":false},"featured_media":4522,"template":"","meta":{"_joinchat":[]},"product_cat":[86,87],"product_tag":[],"jetpack_sharing_enabled":true,"_links":{"self":[{"href":"https:\/\/www.marinecashmere.com\/it\/wp-json\/wp\/v2\/product\/5694"}],"collection":[{"href":"https:\/\/www.marinecashmere.com\/it\/wp-json\/wp\/v2\/product"}],"about":[{"href":"https:\/\/www.marinecashmere.com\/it\/wp-json\/wp\/v2\/types\/product"}],"wp:featuredmedia":[{"embeddable":true,"href":"https:\/\/www.marinecashmere.com\/it\/wp-json\/wp\/v2\/media\/4522"}],"wp:attachment":[{"href":"https:\/\/www.marinecashmere.com\/it\/wp-json\/wp\/v2\/media?parent=5694"}],"wp:term":[{"taxonomy":"product_cat","embeddable":true,"href":"https:\/\/www.marinecashmere.com\/it\/wp-json\/wp\/v2\/product_cat?post=5694"},{"taxonomy":"product_tag","embeddable":true,"href":"https:\/\/www.marinecashmere.com\/it\/wp-json\/wp\/v2\/product_tag?post=5694"}],"curies":[{"name":"wp","href":"https:\/\/api.w.org\/{rel}","templated":true}]}}