{"id":5985,"date":"2024-08-07T14:16:01","date_gmt":"2024-08-07T14:16:01","guid":{"rendered":"https:\/\/www.marinecashmere.com\/prodotto\/stola-a-mezza-luna-in-misto-cashmere\/"},"modified":"2024-08-07T14:16:01","modified_gmt":"2024-08-07T14:16:01","slug":"stola-a-mezza-luna-in-misto-cashmere","status":"publish","type":"product","link":"https:\/\/www.marinecashmere.com\/it\/prodotto\/stola-a-mezza-luna-in-misto-cashmere\/","title":{"rendered":"Stola a mezza luna in misto cashmere"},"content":{"rendered":"<p>Stola in cashmere &#8211; 30% WS &#8211; 70% WO<\/p>\n<p>Il cashmere \u00e8 una fibra lussuosa e morbida ottenuta dal sottopelo delle capre cashmere. \u00c8 noto per le sue propriet\u00e0 leggere e isolanti e per la sua eccezionale morbidezza. Il cashmere \u00e8 molto apprezzato nell&#8217;industria tessile per la sua qualit\u00e0 e viene comunemente utilizzato per realizzare capi di abbigliamento di alta gamma come maglioni, sciarpe e scialli.<\/p>\n","protected":false},"excerpt":{"rendered":"<p>Una stola in misto cachemire \u00e8 un accessorio lussuoso e versatile che aggiunge eleganza e calore a qualsiasi abbigliamento. Questa stola in particolare presenta un design unico sul bordo che la contraddistingue. Il bordo della stola \u00e8 impreziosito da una finitura elegante che la rende perfetta sia per le occasioni casual che per quelle formali. La sua versatilit\u00e0 e il design raffinato del bordo la rendono un accessorio essenziale per ogni persona alla moda, garantendo calore e stile in egual misura.   <\/p>\n","protected":false},"featured_media":4555,"template":"","meta":{"_joinchat":[]},"product_cat":[86,87],"product_tag":[],"jetpack_sharing_enabled":true,"_links":{"self":[{"href":"https:\/\/www.marinecashmere.com\/it\/wp-json\/wp\/v2\/product\/5985"}],"collection":[{"href":"https:\/\/www.marinecashmere.com\/it\/wp-json\/wp\/v2\/product"}],"about":[{"href":"https:\/\/www.marinecashmere.com\/it\/wp-json\/wp\/v2\/types\/product"}],"wp:featuredmedia":[{"embeddable":true,"href":"https:\/\/www.marinecashmere.com\/it\/wp-json\/wp\/v2\/media\/4555"}],"wp:attachment":[{"href":"https:\/\/www.marinecashmere.com\/it\/wp-json\/wp\/v2\/media?parent=5985"}],"wp:term":[{"taxonomy":"product_cat","embeddable":true,"href":"https:\/\/www.marinecashmere.com\/it\/wp-json\/wp\/v2\/product_cat?post=5985"},{"taxonomy":"product_tag","embeddable":true,"href":"https:\/\/www.marinecashmere.com\/it\/wp-json\/wp\/v2\/product_tag?post=5985"}],"curies":[{"name":"wp","href":"https:\/\/api.w.org\/{rel}","templated":true}]}}