{"id":6977,"date":"2024-07-22T13:56:54","date_gmt":"2024-07-22T13:56:54","guid":{"rendered":"https:\/\/www.marinecashmere.com\/prodotto\/cardigan-in-misto-cashmere-con-frange\/"},"modified":"2024-07-22T13:56:54","modified_gmt":"2024-07-22T13:56:54","slug":"cardigan-in-misto-cashmere-con-frange","status":"publish","type":"product","link":"https:\/\/www.marinecashmere.com\/it\/prodotto\/cardigan-in-misto-cashmere-con-frange\/","title":{"rendered":"Cardigan in misto cashmere con frange"},"content":{"rendered":"<p>Cardigan con frange in Cashmere &#8211; 30% WS &#8211; 70% WO Il cashmere \u00e8 una fibra lussuosa e morbida ricavata dal sottopelo delle capre cashmere. \u00c8 nota per le sue propriet\u00e0 leggere, isolanti e per la sua eccezionale morbidezza. Il cashmere \u00e8 molto apprezzato nell&#8217;industria tessile per la sua qualit\u00e0 ed \u00e8 comunemente utilizzato per realizzare capi di abbigliamento di alta gamma come maglioni, sciarpe e scialli.<\/p>\n","protected":false},"excerpt":{"rendered":"<p>Questo lussuoso cardigan in cashmere \u00e8 un perfetto mix di comfort e stile. Realizzato in un morbido misto cashmere, presenta una vestibilit\u00e0 comoda e rilassata che cade magnificamente sul corpo. L&#8217;elemento di design di spicco sono le frange giocose che adornano i bordi, aggiungendo un tocco di stile boh\u00e9mien alla silhouette classica.  <\/p>\n","protected":false},"featured_media":3720,"template":"","meta":{"_joinchat":[]},"product_cat":[86,89],"product_tag":[],"jetpack_sharing_enabled":true,"_links":{"self":[{"href":"https:\/\/www.marinecashmere.com\/it\/wp-json\/wp\/v2\/product\/6977"}],"collection":[{"href":"https:\/\/www.marinecashmere.com\/it\/wp-json\/wp\/v2\/product"}],"about":[{"href":"https:\/\/www.marinecashmere.com\/it\/wp-json\/wp\/v2\/types\/product"}],"wp:featuredmedia":[{"embeddable":true,"href":"https:\/\/www.marinecashmere.com\/it\/wp-json\/wp\/v2\/media\/3720"}],"wp:attachment":[{"href":"https:\/\/www.marinecashmere.com\/it\/wp-json\/wp\/v2\/media?parent=6977"}],"wp:term":[{"taxonomy":"product_cat","embeddable":true,"href":"https:\/\/www.marinecashmere.com\/it\/wp-json\/wp\/v2\/product_cat?post=6977"},{"taxonomy":"product_tag","embeddable":true,"href":"https:\/\/www.marinecashmere.com\/it\/wp-json\/wp\/v2\/product_tag?post=6977"}],"curies":[{"name":"wp","href":"https:\/\/api.w.org\/{rel}","templated":true}]}}