{"id":7281,"date":"2024-02-14T10:24:39","date_gmt":"2024-02-14T10:24:39","guid":{"rendered":"https:\/\/www.marinecashmere.com\/prodotto\/maglione-a-collo-alto-con-cerniera-in-puro-cashmere\/"},"modified":"2024-02-14T10:24:39","modified_gmt":"2024-02-14T10:24:39","slug":"maglione-a-collo-alto-con-cerniera-in-puro-cashmere","status":"publish","type":"product","link":"https:\/\/www.marinecashmere.com\/it\/prodotto\/maglione-a-collo-alto-con-cerniera-in-puro-cashmere\/","title":{"rendered":"Maglione a collo alto con cerniera in puro cashmere"},"content":{"rendered":"<p>Dolcevita con zip in cashmere &#8211; 100% WS Realizzato in cashmere di prima qualit\u00e0, questo maglione offre una morbidezza e un calore senza pari. Il design a trecce aggiunge consistenza e interesse visivo, creando un look senza tempo e sofisticato. Il dolcevita offre calore e intimit\u00e0 extra, rendendolo perfetto per le temperature pi\u00f9 fredde. Che sia indossato con jeans per un look casual ma raffinato o abbinato a pantaloni sartoriali per un look pi\u00f9 raffinato, questo dolcevita in cashmere a trecce trasuda eleganza senza sforzo e fascino raffinato.<\/p>\n","protected":false},"excerpt":{"rendered":"<p><span class=\"HwtZe\" lang=\"en\"><span class=\"jCAhz ChMk0b\"><span class=\"ryNqvb\">Impeccabilmente sartoriale e squisitamente morbido, questo maglione offre calore ed eleganza senza pari. Il design a collo alto offre un ulteriore strato di intimit\u00e0, mentre la chiusura con cerniera aggiunge un tocco di mediterraneit\u00e0 e versatilit\u00e0. Il tessuto in cashmere assicura una sensazione sontuosa sulla pelle, rendendolo un piacere da indossare tutto il giorno. Che sia con cerniera per un look raffinato o parzialmente aperto per un&#8217;atmosfera pi\u00f9 rilassata, questo maglione eleva senza sforzo qualsiasi outfit.<br \/>\n<\/span><\/span><\/span><\/p>\n","protected":false},"featured_media":3270,"template":"","meta":{"_joinchat":[]},"product_cat":[396,97],"product_tag":[],"jetpack_sharing_enabled":true,"_links":{"self":[{"href":"https:\/\/www.marinecashmere.com\/it\/wp-json\/wp\/v2\/product\/7281"}],"collection":[{"href":"https:\/\/www.marinecashmere.com\/it\/wp-json\/wp\/v2\/product"}],"about":[{"href":"https:\/\/www.marinecashmere.com\/it\/wp-json\/wp\/v2\/types\/product"}],"wp:featuredmedia":[{"embeddable":true,"href":"https:\/\/www.marinecashmere.com\/it\/wp-json\/wp\/v2\/media\/3270"}],"wp:attachment":[{"href":"https:\/\/www.marinecashmere.com\/it\/wp-json\/wp\/v2\/media?parent=7281"}],"wp:term":[{"taxonomy":"product_cat","embeddable":true,"href":"https:\/\/www.marinecashmere.com\/it\/wp-json\/wp\/v2\/product_cat?post=7281"},{"taxonomy":"product_tag","embeddable":true,"href":"https:\/\/www.marinecashmere.com\/it\/wp-json\/wp\/v2\/product_tag?post=7281"}],"curies":[{"name":"wp","href":"https:\/\/api.w.org\/{rel}","templated":true}]}}